{"id":248,"date":"2024-01-08T13:27:55","date_gmt":"2024-01-08T13:27:55","guid":{"rendered":"https:\/\/staging.goffin.ch\/?page_id=248"},"modified":"2024-08-19T00:32:52","modified_gmt":"2024-08-19T00:32:52","slug":"karriere","status":"publish","type":"page","link":"https:\/\/staging.goffin.ch\/index.php\/karriere\/","title":{"rendered":"Karriere"},"content":{"rendered":"<div  id=\"content-4\" class=\"content-right-image-section content-image-right dark-text-section\" style=\"background-size: cover; background-position: center top; background-image: none; background-color: rgb(230, 230, 230);\" data-label=\"Content\" data-id=\"content-image-right\" data-category=\"content\" data-ovid=\"ovid-content-4-342\">\n<div  class=\"gridContainer\">\n<div  class=\"content-right-image-gridcol\">\n<div  class=\"content-right-image-textcol dynamic-color\" data-type=\"column\">\n<h2  class=\"\">Dein neuer Arbeitsplatz?<\/h2>\n<p  class=\"large_text\">Gerne besprechen wir mit dir, wie Dein neuer Arbeitsplatz aussehen k\u00f6nnte.<\/p>\nDas Sal\u00e4r ist wichtig, aber noch viel wichtiger ist, dass der Arbeitsplatz auf die Lebensumst\u00e4nde passt und Spass macht.\n\nDie M\u00f6glichkeiten sind bei uns vielf\u00e4ltig \u2013 sei es, dass du Teilzeit arbeiten m\u00f6chtest oder ein Arbeitsmodell w\u00e4hlst, welches deinen Bed\u00fcrfnissen gerecht wird. Wenn immer es sich mit den Auftr\u00e4gen vereinbaren l\u00e4sst, finden wir eine L\u00f6sung, welche dir entspricht.\n\n<\/div>\n<div  class=\"content-right-image-imgcol\" data-type=\"column\"><img  decoding=\"async\" class=\"custom-image\" src=\"https:\/\/staging.goffin.ch\/wp-content\/uploads\/2024\/08\/Arbeitsplatz_quadratisch_klein.jpg\" alt=\"\"><\/div>\n<\/div>\n<\/div>\n<\/div><div  id=\"about-5\" class=\"about-text-icons-section about-text-icons-section-1 dark-text-section\" style=\"background-color: rgb(246, 246, 246); background-image: none;\" data-label=\"About\" data-id=\"about-text-icons-section-1\" data-category=\"about\" data-ovid=\"ovid-about-5-11133\">\n<div  class=\"gridContainer\">\n<div  class=\"about-text-icons-innerrow dynamic-color\">\n<div  class=\"about-text-icons-textcol\" data-type=\"column\">\n<h5  class=\"\">Wir freuen uns<span id=\"_mce_caret\" data-mce-bogus=\"1\" data-mce-type=\"format-caret\" ><span style=\"color: rgb(61, 61, 61);\" >\ufeff<\/span><\/span><\/h5>\n<h3  class=\"\"><span style=\"font-weight: 300;\" >Spontan ist gut\u2026<\/span><\/h3>\n<p  class=\"\">Bewirb dich spontan mit CV, wenn du eines dieser Profile erf\u00fcllst.<\/p>\n<a class=\"button color1\" href=\"mailto:kontakt@goffin.ch\" target=\"_self\" rel=\"noopener\" data-icon=\"\">Mail an goffin<\/a>\n\n<\/div>\n<div  class=\"about-text-icons-cols flexbox-list\">\n<div  class=\"about-text-icons-iconcol\"><i  class=\"font-icon-21 fa fa-signal color1\" data-cp-fa=\"true\"><\/i>\n<h4 ><span style=\"font-weight: 600;\" >IT-Projektleiter\/in<\/span><\/h4>\nDu liebst das Spannungsfeld zwischen Qualit\u00e4t, Budget und Zeit und weisst genau, welche Stricke zu ziehen sind. Mit Fingerspitzengef\u00fchl verhilfst du jedem Projekt zum Erfolg.\n\n<a href=\"#\" target=\"_self\" rel=\"noopener\" data-reiki-hidden=\"true\"><i  class=\"font-icon-20 fa fa-angle-double-right color10\" data-cp-fa=\"true\"><\/i>&nbsp;learn more<\/a>\n\n<\/div>\n<div  class=\"about-text-icons-iconcol\"><i  class=\"font-icon-21 fa fa-pencil-square-o color1\" data-cp-fa=\"true\"><\/i>\n<h4 >Business Analyst\/in<\/h4>\nDu willst den Dingen auf den Grund gehen. Anforderungen aufnehmen, Spezifikationen erstellen und L\u00f6sungsvarianten erarbeiten erf\u00fcllen dich.&nbsp; Die Vermittlung zwischen verschiedenen Parteien ist f\u00fcr dich allt\u00e4glich.\n\n<a href=\"#\" target=\"_self\" rel=\"noopener\" data-reiki-hidden=\"true\"><i  class=\"font-icon-20 fa fa-angle-double-right color10\" data-cp-fa=\"true\"><\/i>&nbsp;learn more<\/a>\n\n<\/div>\n<div  class=\"about-text-icons-iconcol\"><i  class=\"font-icon-21 fa fa-bug color1\" data-cp-fa=\"true\"><\/i>\n<h4 >Test Manager\/in<\/h4>\nFehler suchen ist dein Ding. Du liebst es Spezifikationen zu lesen und zu verstehen, Testf\u00e4lle zu erstellen und Tests durchzuf\u00fchren und zu dokumentieren. Test-Automationen erstellst du mit K\u00f6pfchen.\n\n<a href=\"#\" target=\"_self\" rel=\"noopener\" data-reiki-hidden=\"true\"><i  class=\"font-icon-20 fa fa-angle-double-right color10\" data-cp-fa=\"true\"><\/i>&nbsp;learn more<\/a>\n\n<\/div>\n<div  class=\"about-text-icons-iconcol\"><i  class=\"font-icon-21 fa fa-graduation-cap color1\" data-cp-fa=\"true\"><\/i>\n<h4 >IT-Trainer\/in<\/h4>\nDer richtige Job, wenn du Spass hast Schulungskonzepte zu entwickeln, Unterlagen oder Lernvideos zu erstellen und an der Vermittlung von Wissen in Deutsch, Franz\u00f6sisch und Englisch.\n\n<a href=\"#\" target=\"_self\" rel=\"noopener\" data-reiki-hidden=\"true\"><i  class=\"font-icon-20 fa fa-angle-double-right color10\" data-cp-fa=\"true\"><\/i>&nbsp;learn more<\/a>\n\n<\/div>\n<\/div>\n<\/div>\n<\/div>\n<\/div><div  id=\"1000gruende\" class=\"about-text-icons-section dark-text-section\" style=\"background-color: rgb(230, 230, 230); background-image: none;\" data-label=\"1000Gruende\" data-id=\"about-text-icons-section\" data-category=\"about\" data-ovid=\"ovid-about-5-487\">\n<div  class=\"gridContainer\">\n<div  class=\"about-text-icons-innerrow dynamic-color\">\n<div  class=\"about-text-icons-textcol\" data-type=\"column\">\n<h5  class=\"\">1000 gute Gr\u00fcnde<\/h5>\n<h3  class=\"\"><span style=\"font-weight: 300;\" >Arbeiten bei goffin<\/span><span id=\"_mce_caret\" data-mce-bogus=\"1\" data-mce-type=\"format-caret\" ><span style=\"font-weight: 300;\" >\ufeff<\/span><\/span><\/h3>\n<p  class=\"\">Bei goffin erwartet dich nicht nur ein Job, sondern eine berufliche Heimat, in der Du Dich entfalten kannst und deine Arbeit gesch\u00e4tzt wird. Unsere Mitarbeitenden sind unser wichtigstes Kapital, und wir setzen alles daran, ihnen ein inspirierendes und unterst\u00fctzendes Arbeitsumfeld zu bieten.<\/p>\n\n<\/div>\n<div  class=\"about-text-icons-cols flexbox-list\">\n<div  class=\"about-text-icons-iconcol\"><i  class=\"font-icon-21 fa fa-leaf color1\" data-cp-fa=\"true\"><\/i>\n<h4 >ARBEITSKLIMA<\/h4>\ngoffin bietet ein Arbeitsumfeld, in dem sich Mitarbeitende sinnvoll engagieren k\u00f6nnen. Wir orientieren und motivieren uns an Zielen, die wir erreichen wollen.\n\n<a href=\"#\" target=\"_self\" rel=\"noopener\" data-reiki-hidden=\"true\"><i  class=\"font-icon-20 fa fa-angle-double-right color10\" data-cp-fa=\"true\"><\/i>&nbsp;learn more<\/a>\n\n<\/div>\n<div  class=\"about-text-icons-iconcol\"><i  class=\"font-icon-21 fa fa-futbol-o color1\" data-cp-fa=\"true\"><\/i>\n<h4 >TEAMKULTUR<\/h4>\nDie goffin besteht aus ihren Mitarbeitenden. Jede\/r Einzelne tr\u00e4gt zur Weiterentwicklung der goffin bei. Alle Mitarbeiter bringen alle ihre Ideen ein, denken mit und werden in wichtige Entscheidungen einbezogen.\n\nWir bilden untereinander sowie mit unseren Kunden ein Team.\n\n<a href=\"#\" target=\"_self\" rel=\"noopener\" data-reiki-hidden=\"true\"><i  class=\"font-icon-20 fa fa-angle-double-right color10\" data-cp-fa=\"true\"><\/i>&nbsp;learn more<\/a>\n\n<\/div>\n<div  class=\"about-text-icons-iconcol\"><i  class=\"font-icon-21 fa fa-rocket color1\" data-cp-fa=\"true\"><\/i>\n<h4 >WEITERENTWICKLUNG<\/h4>\ngoffin bietet vielf\u00e4ltige Dienstleistungen in unterschiedlichen Branchen, in denen Mitarbeitende sich entlang ihrer F\u00e4higkeiten entfalten und weiterentwickeln k\u00f6nnen.\n\nDie individuelle Weiterbildung wird gef\u00f6rdert und unterst\u00fctzt.\n\n<a href=\"#\" target=\"_self\" rel=\"noopener\" data-reiki-hidden=\"true\"><i  class=\"font-icon-20 fa fa-angle-double-right color10\" data-cp-fa=\"true\"><\/i>&nbsp;learn more<\/a>\n\n<\/div>\n<div  class=\"about-text-icons-iconcol\"><\/div>\n<\/div>\n<\/div>\n<\/div>\n<\/div>","protected":false},"excerpt":{"rendered":"<p>Dein neuer Arbeitsplatz? Gerne besprechen wir mit dir, wie Dein neuer Arbeitsplatz aussehen k\u00f6nnte. Das Sal\u00e4r ist wichtig, aber noch viel wichtiger ist, dass der Arbeitsplatz auf die Lebensumst\u00e4nde passt und Spass macht. Die M\u00f6glichkeiten sind bei uns vielf\u00e4ltig \u2013 sei es, dass du Teilzeit arbeiten m\u00f6chtest oder ein Arbeitsmodell w\u00e4hlst, welches deinen Bed\u00fcrfnissen gerecht&hellip; <br \/> <a class=\"button small blue\" href=\"https:\/\/staging.goffin.ch\/index.php\/2023\/05\/25\/hello-world\/\">Weiterlesen<\/a><\/p>\n","protected":false},"author":1,"featured_media":0,"parent":0,"menu_order":0,"comment_status":"closed","ping_status":"closed","template":"full-width-page.php","meta":{"footnotes":""},"class_list":["post-248","page","type-page","status-publish","hentry"],"_links":{"self":[{"href":"https:\/\/staging.goffin.ch\/index.php\/wp-json\/wp\/v2\/pages\/248","targetHints":{"allow":["GET"]}}],"collection":[{"href":"https:\/\/staging.goffin.ch\/index.php\/wp-json\/wp\/v2\/pages"}],"about":[{"href":"https:\/\/staging.goffin.ch\/index.php\/wp-json\/wp\/v2\/types\/page"}],"author":[{"embeddable":true,"href":"https:\/\/staging.goffin.ch\/index.php\/wp-json\/wp\/v2\/users\/1"}],"replies":[{"embeddable":true,"href":"https:\/\/staging.goffin.ch\/index.php\/wp-json\/wp\/v2\/comments?post=248"}],"version-history":[{"count":120,"href":"https:\/\/staging.goffin.ch\/index.php\/wp-json\/wp\/v2\/pages\/248\/revisions"}],"predecessor-version":[{"id":525,"href":"https:\/\/staging.goffin.ch\/index.php\/wp-json\/wp\/v2\/pages\/248\/revisions\/525"}],"wp:attachment":[{"href":"https:\/\/staging.goffin.ch\/index.php\/wp-json\/wp\/v2\/media?parent=248"}],"curies":[{"name":"wp","href":"https:\/\/api.w.org\/{rel}","templated":true}]}}